{"id":20368,"date":"2022-02-08T13:18:12","date_gmt":"2022-02-08T13:18:12","guid":{"rendered":"https:\/\/www.foetus.org\/content\/?page_id=20368"},"modified":"2022-02-08T13:40:02","modified_gmt":"2022-02-08T13:40:02","slug":"2001-gaesteliste-review-foetus-blow","status":"publish","type":"page","link":"https:\/\/www.foetus.org\/content\/press\/interviews-and-reviews\/2001-gaesteliste-review-foetus-blow\/","title":{"rendered":"2001 Gaesteliste Review Foetus: Blow"},"content":{"rendered":"<p>Foetus &#8211; Blow<br \/>\nNois-O-Lution\/Indigo<br \/>\nFormat: CD<\/p>\n<p>Eines steht ohne Zweifel fest: Langweilig wird es den Fans von J.G. Thirwell nie. Kaum ist das neue Foetus-Album &#8220;Flow&#8221; auf dem Markt, macht es sich schon selbst, mit einem eigenwilligen Zwilling, Konkurrenz. Irgendwo zwischen Remix- und Tribute-Album rangiert das neue Album des Meisters des kontrollierten Chaos. &#8220;Blow&#8221; enth\u00e4lt zw\u00f6lf elektronische Remixe der regul\u00e4ren Albumversionen, die mal gut und mal weniger gut wiederzuerkennen sind. Besonders gelungen ist die neue Version von &#8220;The Need Machine&#8221; von Franz Treichler. Und auch &#8220;Cirrhosis Of The Heart&#8221; von Amon Tobin und &#8220;Suspect&#8221; von DJ Food zeigen, wie sich die immer neuen Ideen von Foetus in einem modernen Klanggewand anh\u00f6ren k\u00f6nnen. Wer seine Finger bei der neuen Version von &#8220;Quick Fix&#8221; im Spiel hatte, ist nicht schwer zu erraten. Zu deutlich sind hier die typisch d\u00fcsteren Industrial-Attribute von Nine Inch Nails herauszuh\u00f6ren. So ist es dann auch wirklich Charlie Clouser, der sich hier musikalisch vor seinem Vorbild verneigt. Nichts f\u00fcr zarte Nerven ist der Kid 606 mix von &#8220;Shun&#8221;. Abstrakte Kl\u00e4nge werden hier zu einem Gesamtkonzept zusammengef\u00fchrt, welches zeitweise in den Ohren schmerzt. Ein wirklich ungew\u00f6hnliches Remix-Album, welches in guter, alter Foetus-Manier kein bestimmtes Genre bedient. So wie &#8220;Flow&#8221; eine Alternative zu Alternative-Platten war, so ist &#8220;Blow&#8221; eine Innovation unter den Remix-Alben.<\/p>\n<p><a href=\"https:\/\/www.gaesteliste.de\/review\/show.html?id=3c024e78180656|_nr=1817\">Source:<\/a> gaesteliste.de, by Esther Mai<\/p>\n","protected":false},"excerpt":{"rendered":"<p>Foetus &#8211; Blow Nois-O-Lution\/Indigo Format: CD Eines steht ohne Zweifel fest: Langweilig wird es den Fans von J.G. Thirwell nie. Kaum ist das neue Foetus-Album &#8220;Flow&#8221; auf dem Markt, macht es sich schon selbst, mit einem eigenwilligen Zwilling, Konkurrenz. Irgendwo zwischen Remix- und Tribute-Album rangiert das neue Album des Meisters des kontrollierten Chaos. &#8220;Blow&#8221; enth\u00e4lt [&hellip;]<\/p>\n","protected":false},"author":1,"featured_media":0,"parent":210,"menu_order":0,"comment_status":"closed","ping_status":"closed","template":"","meta":{"ngg_post_thumbnail":0},"_links":{"self":[{"href":"https:\/\/www.foetus.org\/content\/wp-json\/wp\/v2\/pages\/20368"}],"collection":[{"href":"https:\/\/www.foetus.org\/content\/wp-json\/wp\/v2\/pages"}],"about":[{"href":"https:\/\/www.foetus.org\/content\/wp-json\/wp\/v2\/types\/page"}],"author":[{"embeddable":true,"href":"https:\/\/www.foetus.org\/content\/wp-json\/wp\/v2\/users\/1"}],"replies":[{"embeddable":true,"href":"https:\/\/www.foetus.org\/content\/wp-json\/wp\/v2\/comments?post=20368"}],"version-history":[{"count":2,"href":"https:\/\/www.foetus.org\/content\/wp-json\/wp\/v2\/pages\/20368\/revisions"}],"predecessor-version":[{"id":20373,"href":"https:\/\/www.foetus.org\/content\/wp-json\/wp\/v2\/pages\/20368\/revisions\/20373"}],"up":[{"embeddable":true,"href":"https:\/\/www.foetus.org\/content\/wp-json\/wp\/v2\/pages\/210"}],"wp:attachment":[{"href":"https:\/\/www.foetus.org\/content\/wp-json\/wp\/v2\/media?parent=20368"}],"curies":[{"name":"wp","href":"https:\/\/api.w.org\/{rel}","templated":true}]}}